{"id":4142,"date":"2024-02-01T23:23:12","date_gmt":"2024-02-01T23:23:12","guid":{"rendered":"https:\/\/circuloingenieria.cl\/?page_id=4142"},"modified":"2024-02-15T03:48:44","modified_gmt":"2024-02-15T03:48:44","slug":"oportunidades-laborales","status":"publish","type":"page","link":"https:\/\/circuloingenieria.cl\/en\/talento\/oportunidades-laborales\/","title":{"rendered":"Job Opportunities"},"content":{"rendered":"<div data-elementor-type=\"wp-page\" data-elementor-id=\"4142\" class=\"elementor elementor-4142\" data-elementor-settings=\"[]\">\n\t\t\t<div class=\"elementor-inner\">\n\t\t\t\t<div class=\"elementor-section-wrap\">\n\t\t\t\t\t\t\t<section class=\"elementor-element elementor-element-c33b80c elementor-section-stretched elementor-section-full_width elementor-section-height-default elementor-section-height-default elementor-section elementor-top-section\" data-id=\"c33b80c\" data-element_type=\"section\" data-settings=\"{&quot;stretch_section&quot;:&quot;section-stretched&quot;}\">\n\t\t\t\t\t\t<div class=\"elementor-container elementor-column-gap-no\">\n\t\t\t\t<div class=\"elementor-row\">\n\t\t\t\t<div class=\"elementor-element elementor-element-788217e elementor-column elementor-col-100 elementor-top-column\" data-id=\"788217e\" data-element_type=\"column\">\n\t\t\t<div class=\"elementor-column-wrap  elementor-element-populated\">\n\t\t\t\t\t<div class=\"elementor-widget-wrap\">\n\t\t\t\t<div class=\"elementor-element elementor-element-487629e elementor-widget elementor-widget-r-energy-page-hero-section\" data-id=\"487629e\" data-element_type=\"widget\" data-widget_type=\"r-energy-page-hero-section.default\">\n\t\t\t\t<div class=\"elementor-widget-container\">\n\t\t\t<div class=\"promo-primary\"><div class=\"overlay\"><\/div><picture><source srcset=\"https:\/\/circuloingenieria.cl\/wp-content\/uploads\/2024\/02\/accessible-job-opportunities-2023-11-27-05-35-27-utc-1.jpg\" media=\"(min-width: 992px)\"\/><img decoding=\"async\" class=\"img-bg\" src=\"https:\/\/circuloingenieria.cl\/wp-content\/uploads\/2024\/02\/accessible-job-opportunities-2023-11-27-05-35-27-utc-1.jpg\" alt=\"accessible-job-opportunities-2023-11-27-05-35-27-utc-1.jpg\"\/><\/picture><div class=\"container\"><div class=\"row\"><div class=\"col-12\"><div class=\"align-container\"><div class=\"align-item\"><span class=\"site__name\">C\u00edrculo<\/span><h1 class=\"title\">Job Opportunities<\/h1><div class=\"nt-breadcrumbs\"><ul class=\"nt-breadcrumbs-list\"><li class=\"bitem\"><span><a class=\"breadcrumbs__link\" href=\"https:\/\/circuloingenieria.cl\/en\/\"><span>Home<\/span><\/a><\/span><\/li><\/ul><\/div><\/div><\/div><\/div><\/div><\/div><\/div>\t\t<\/div>\n\t\t\t\t<\/div>\n\t\t\t\t\t\t<\/div>\n\t\t\t<\/div>\n\t\t<\/div>\n\t\t\t\t\t\t<\/div>\n\t\t\t<\/div>\n\t\t<\/section>\n\t\t\t\t<section class=\"elementor-element elementor-element-a7d2fcb elementor-section-stretched elementor-section-full_width elementor-section-height-default elementor-section-height-default elementor-section elementor-top-section\" data-id=\"a7d2fcb\" data-element_type=\"section\" data-settings=\"{&quot;stretch_section&quot;:&quot;section-stretched&quot;,&quot;background_background&quot;:&quot;classic&quot;}\">\n\t\t\t\t\t\t\t<div class=\"elementor-background-overlay\"><\/div>\n\t\t\t\t\t\t\t<div class=\"elementor-container elementor-column-gap-default\">\n\t\t\t\t<div class=\"elementor-row\">\n\t\t\t\t<div class=\"elementor-element elementor-element-37b52a1 elementor-column elementor-col-100 elementor-top-column\" data-id=\"37b52a1\" data-element_type=\"column\">\n\t\t\t<div class=\"elementor-column-wrap  elementor-element-populated\">\n\t\t\t\t\t<div class=\"elementor-widget-wrap\">\n\t\t\t\t<div class=\"elementor-element elementor-element-2557f56 elementor-widget elementor-widget-r-energy-vertical-tabs-section\" data-id=\"2557f56\" data-element_type=\"widget\" data-widget_type=\"r-energy-vertical-tabs-section.default\">\n\t\t\t\t<div class=\"elementor-widget-container\">\n\t\t\t<div class=\"section services-details\"><div class=\"tabs-holder details-tabs\"><div class=\"container\"><div class=\"row\"><div class=\"col-xl-3 col-md-4\"><div class=\"tabs-header\"><span class=\"tabs-header__title\">About us<\/span><\/div><\/div><div class=\"col-xl-9 col-md-8\"><div class=\"tabs-content\"><div class=\"tabs-content__item\"><h2 class=\"title\">Job Opportunities<\/h2>\n<p style=\"text-align: left;\">We are committed to the professional development of our team, offering a space where your skills and talents are recognized.<\/p>\n<p style=\"text-align: left;\">How to join?\nExplore our current job opportunities and find out how you can join our circle of expertise.<\/p>\n\n<h5 style=\"text-align: left;\">These areas represent areas of interest for Circulo in the context of employment opportunities:<\/h5>\n<ol>\n \t<li style=\"text-align: left;\">Architect<\/li>\n \t<li style=\"text-align: left;\">Civil electrical engineering<\/li>\n \t<li style=\"text-align: left;\">electrical engineering<\/li>\n \t<li style=\"text-align: left;\">Civil Industrial Engineer<\/li>\n \t<li style=\"text-align: left;\">Environmental Engineer<\/li>\n<\/ol>\n<p style=\"text-align: left;\">Send us your profile to egonzalez@circuloingenieria.cl\n<p style=\"text-align: left;\">We appreciate your interest in joining our C\u00edrculo team.<\/p><\/div><\/div><\/div><\/div><\/div><\/div><\/div>\t\t<\/div>\n\t\t\t\t<\/div>\n\t\t\t\t\t\t<\/div>\n\t\t\t<\/div>\n\t\t<\/div>\n\t\t\t\t\t\t<\/div>\n\t\t\t<\/div>\n\t\t<\/section>\n\t\t\t\t<div class=\"elementor-element elementor-element-9d7ed53 elementor-section-stretched footer-style-2 elementor-section-full_width elementor-section-height-default elementor-section-height-default elementor-section elementor-top-section\" data-id=\"9d7ed53\" data-element_type=\"section\" data-settings=\"{&quot;stretch_section&quot;:&quot;section-stretched&quot;,&quot;background_background&quot;:&quot;classic&quot;}\">\n\t\t\t\t\t\t<div class=\"elementor-container elementor-column-gap-no\">\n\t\t\t\t<div class=\"elementor-row\">\n\t\t\t\t<div class=\"elementor-element elementor-element-00ca4da elementor-column elementor-col-100 elementor-top-column\" data-id=\"00ca4da\" data-element_type=\"column\">\n\t\t\t<div class=\"elementor-column-wrap  elementor-element-populated\">\n\t\t\t\t\t<div class=\"elementor-widget-wrap\">\n\t\t\t\t<div class=\"elementor-element elementor-element-1c4f450 elementor-section-boxed elementor-section-height-default elementor-section-height-default elementor-section elementor-inner-section\" data-id=\"1c4f450\" data-element_type=\"section\">\n\t\t\t\t\t\t<div class=\"elementor-container elementor-column-gap-default\">\n\t\t\t\t<div class=\"elementor-row\">\n\t\t\t\t<div class=\"elementor-element elementor-element-37e2985 elementor-column elementor-col-33 elementor-inner-column\" data-id=\"37e2985\" data-element_type=\"column\">\n\t\t\t<div class=\"elementor-column-wrap  elementor-element-populated\">\n\t\t\t\t\t<div class=\"elementor-widget-wrap\">\n\t\t\t\t<div class=\"elementor-element elementor-element-d38875f custom-caption elementor-widget elementor-widget-image\" data-id=\"d38875f\" data-element_type=\"widget\" data-widget_type=\"image.default\">\n\t\t\t\t<div class=\"elementor-widget-container\">\n\t\t\t\t\t<div class=\"elementor-image\">\n\t\t\t\t\t\t\t<figure class=\"wp-caption\">\n\t\t\t\t\t\t\t\t\t\t\t<a href=\"#\">\n\t\t\t\t\t\t\t<img loading=\"lazy\" decoding=\"async\" width=\"200\" height=\"71\" src=\"https:\/\/circuloingenieria.cl\/wp-content\/uploads\/2020\/07\/logo_blanco200.png\" class=\"attachment-full size-full\" alt=\"\" \/>\t\t\t\t\t\t\t\t<\/a>\n\t\t\t\t\t\t\t\t\t\t\t<figcaption class=\"widget-image-caption wp-caption-text\"><\/figcaption>\n\t\t\t\t\t\t\t\t\t\t<\/figure>\n\t\t\t\t\t<\/div>\n\t\t\t\t<\/div>\n\t\t\t\t<\/div>\n\t\t\t\t<div class=\"elementor-element elementor-element-6d481b1 elementor-widget elementor-widget-heading\" data-id=\"6d481b1\" data-element_type=\"widget\" data-widget_type=\"heading.default\">\n\t\t\t\t<div class=\"elementor-widget-container\">\n\t\t\t<p class=\"elementor-heading-title elementor-size-default\">Regi\u00f3n Metropolitana, Las Condes, Chile <br> Av. Apoquindo 6410, Oficina 212<br>\nPhone: <a href=\"tel: 56968391806\">+56 9 6839 1806<\/a><br>\nEmail: <a href=\"mailto:info@circuloingenieria.cl\">info@circuloingenieria.cl<\/a><\/p>\t\t<\/div>\n\t\t\t\t<\/div>\n\t\t\t\t\t\t<\/div>\n\t\t\t<\/div>\n\t\t<\/div>\n\t\t\t\t<div class=\"elementor-element elementor-element-0e50ad6 elementor-column elementor-col-33 elementor-inner-column\" data-id=\"0e50ad6\" data-element_type=\"column\">\n\t\t\t<div class=\"elementor-column-wrap  elementor-element-populated\">\n\t\t\t\t\t<div class=\"elementor-widget-wrap\">\n\t\t\t\t<div class=\"elementor-element elementor-element-8b8e18a elementor-widget elementor-widget-heading\" data-id=\"8b8e18a\" data-element_type=\"widget\" data-widget_type=\"heading.default\">\n\t\t\t\t<div class=\"elementor-widget-container\">\n\t\t\t<h4 class=\"elementor-heading-title elementor-size-default\">Menu C\u00edrculo<\/h4>\t\t<\/div>\n\t\t\t\t<\/div>\n\t\t\t\t<div class=\"elementor-element elementor-element-201e23b custom-footer-menu elementor-widget elementor-widget-text-editor\" data-id=\"201e23b\" data-element_type=\"widget\" data-widget_type=\"text-editor.default\">\n\t\t\t\t<div class=\"elementor-widget-container\">\n\t\t\t\t\t<div class=\"elementor-text-editor elementor-clearfix\"><nav class=\"footer-nav\"><ul class=\"footer-menu\"><li><a href=\"https:\/\/circuloingenieria.cl\/en\/\">Home<\/a><\/li><li class=\"active\"><a href=\"https:\/\/circuloingenieria.cl\/en\/desarrollo-de-proyectos\/\">Project development<\/a><\/li><li><a href=\"https:\/\/circuloingenieria.cl\/en\/nosotros\/\">About C\u00edrculo<\/a><\/li><li><a href=\"https:\/\/circuloingenieria.cl\/en\/contacto\/\">Contact<\/a><\/li><li><a href=\"https:\/\/circuloingenieria.cl\/en\/servicios\/\">Services<\/a><\/li><li><a href=\"https:\/\/circuloingenieria.cl\/en\/blog\/\">Blog<\/a><\/li><\/ul><\/nav><\/div>\n\t\t\t\t<\/div>\n\t\t\t\t<\/div>\n\t\t\t\t\t\t<\/div>\n\t\t\t<\/div>\n\t\t<\/div>\n\t\t\t\t<div class=\"elementor-element elementor-element-ac72260 elementor-column elementor-col-33 elementor-inner-column\" data-id=\"ac72260\" data-element_type=\"column\">\n\t\t\t<div class=\"elementor-column-wrap  elementor-element-populated\">\n\t\t\t\t\t<div class=\"elementor-widget-wrap\">\n\t\t\t\t<div class=\"elementor-element elementor-element-ce42028 elementor-widget elementor-widget-heading\" data-id=\"ce42028\" data-element_type=\"widget\" data-widget_type=\"heading.default\">\n\t\t\t\t<div class=\"elementor-widget-container\">\n\t\t\t<h4 class=\"elementor-heading-title elementor-size-default\">Subscribe<\/h4>\t\t<\/div>\n\t\t\t\t<\/div>\n\t\t\t\t<div class=\"elementor-element elementor-element-6313740 elementor-widget elementor-widget-r-energy-contact-form-7\" data-id=\"6313740\" data-element_type=\"widget\" data-widget_type=\"r-energy-contact-form-7.default\">\n\t\t\t\t<div class=\"elementor-widget-container\">\n\t\t\t<div class=\"section-contact get-in-touch\"><div role=\"form\" class=\"wpcf7\" id=\"wpcf7-f305-o1\" lang=\"en-US\" dir=\"ltr\">\n<div class=\"screen-reader-response\" role=\"alert\" aria-live=\"polite\"><\/div>\n<form action=\"\/en\/wp-json\/wp\/v2\/pages\/4142#wpcf7-f305-o1\" method=\"post\" class=\"wpcf7-form init\" novalidate=\"novalidate\" data-trp-original-action=\"\/en\/wp-json\/wp\/v2\/pages\/4142#wpcf7-f305-o1\">\n<div style=\"display: none;\">\n<input type=\"hidden\" name=\"_wpcf7\" value=\"305\" \/>\n<input type=\"hidden\" name=\"_wpcf7_version\" value=\"5.2\" \/>\n<input type=\"hidden\" name=\"_wpcf7_locale\" value=\"en_US\" \/>\n<input type=\"hidden\" name=\"_wpcf7_unit_tag\" value=\"wpcf7-f305-o1\" \/>\n<input type=\"hidden\" name=\"_wpcf7_container_post\" value=\"0\" \/>\n<input type=\"hidden\" name=\"_wpcf7_posted_data_hash\" value=\"\" \/>\n<\/div>\n<div class=\"subscribe-form\">\n<span class=\"wpcf7-form-control-wrap email-424\"><input type=\"email\" name=\"email-424\" value=\"\" size=\"40\" class=\"wpcf7-form-control wpcf7-text wpcf7-email wpcf7-validates-as-required wpcf7-validates-as-email input-mail\" aria-required=\"true\" aria-invalid=\"false\" placeholder=\"Email\" \/><\/span><br \/>\n<button class=\"r-button r-button--filled wpcf7-form-control wpcf7-submit\" type=\"submit\" data-hover=\"Subscribe\"><span>Subscribe<\/span><\/button>\n<\/div>\n<div class=\"wpcf7-response-output\" role=\"alert\" aria-hidden=\"true\"><\/div><input type=\"hidden\" name=\"trp-form-language\" value=\"en\"\/><\/form><\/div><\/div>\t\t<\/div>\n\t\t\t\t<\/div>\n\t\t\t\t\t\t<\/div>\n\t\t\t<\/div>\n\t\t<\/div>\n\t\t\t\t\t\t<\/div>\n\t\t\t<\/div>\n\t\t<\/div>\n\t\t\t\t<div class=\"elementor-element elementor-element-7ddde3a elementor-section-content-middle elementor-section-boxed elementor-section-height-default elementor-section-height-default elementor-section elementor-inner-section\" data-id=\"7ddde3a\" data-element_type=\"section\">\n\t\t\t\t\t\t<div class=\"elementor-container elementor-column-gap-no\">\n\t\t\t\t<div class=\"elementor-row\">\n\t\t\t\t<div class=\"elementor-element elementor-element-3f6ef04 elementor-column elementor-col-50 elementor-inner-column\" data-id=\"3f6ef04\" data-element_type=\"column\">\n\t\t\t<div class=\"elementor-column-wrap  elementor-element-populated\">\n\t\t\t\t\t<div class=\"elementor-widget-wrap\">\n\t\t\t\t<div class=\"elementor-element elementor-element-18452ab elementor-widget elementor-widget-heading\" data-id=\"18452ab\" data-element_type=\"widget\" data-widget_type=\"heading.default\">\n\t\t\t\t<div class=\"elementor-widget-container\">\n\t\t\t<p class=\"elementor-heading-title elementor-size-default\">Copyright \u00a9 2024 All rights reserved Circulo Ingenier\u00eda<\/p>\t\t<\/div>\n\t\t\t\t<\/div>\n\t\t\t\t\t\t<\/div>\n\t\t\t<\/div>\n\t\t<\/div>\n\t\t\t\t<div class=\"elementor-element elementor-element-d91305f elementor-column elementor-col-50 elementor-inner-column\" data-id=\"d91305f\" data-element_type=\"column\">\n\t\t\t<div class=\"elementor-column-wrap  elementor-element-populated\">\n\t\t\t\t\t<div class=\"elementor-widget-wrap\">\n\t\t\t\t<div class=\"elementor-element elementor-element-a751cec elementor-shape-no-shape elementor-widget elementor-widget-social-icons\" data-id=\"a751cec\" data-element_type=\"widget\" data-widget_type=\"social-icons.default\">\n\t\t\t\t<div class=\"elementor-widget-container\">\n\t\t\t\t\t<div class=\"elementor-social-icons-wrapper\">\n\t\t\t\t\t\t\t<a class=\"elementor-icon elementor-social-icon elementor-social-icon-facebook-f elementor-repeater-item-5a78393\" href=\"#0\">\n\t\t\t\t\t<span class=\"elementor-screen-only\">Facebook-f<\/span>\n\t\t\t\t\t<i class=\"fab fa-facebook-f\"><\/i>\t\t\t\t<\/a>\n\t\t\t\t\t\t\t<a class=\"elementor-icon elementor-social-icon elementor-social-icon-twitter elementor-repeater-item-5f267a9\" href=\"#0\">\n\t\t\t\t\t<span class=\"elementor-screen-only\">Twitter<\/span>\n\t\t\t\t\t<i class=\"fab fa-twitter\"><\/i>\t\t\t\t<\/a>\n\t\t\t\t\t\t\t<a class=\"elementor-icon elementor-social-icon elementor-social-icon-youtube elementor-repeater-item-568d56a\" href=\"https:\/\/www.youtube.com\/channel\/UC0rCJ8Uz4S-Ov3mXSkbJvYw\">\n\t\t\t\t\t<span class=\"elementor-screen-only\">Youtube<\/span>\n\t\t\t\t\t<i class=\"fab fa-youtube\"><\/i>\t\t\t\t<\/a>\n\t\t\t\t\t\t\t<a class=\"elementor-icon elementor-social-icon elementor-social-icon-instagram elementor-repeater-item-c003afb\" href=\"https:\/\/www.instagram.com\/circulo_ing\/\">\n\t\t\t\t\t<span class=\"elementor-screen-only\">Instagram<\/span>\n\t\t\t\t\t<i class=\"fab fa-instagram\"><\/i>\t\t\t\t<\/a>\n\t\t\t\t\t<\/div>\n\t\t\t\t<\/div>\n\t\t\t\t<\/div>\n\t\t\t\t\t\t<\/div>\n\t\t\t<\/div>\n\t\t<\/div>\n\t\t\t\t\t\t<\/div>\n\t\t\t<\/div>\n\t\t<\/div>\n\t\t\t\t\t\t<\/div>\n\t\t\t<\/div>\n\t\t<\/div>\n\t\t\t\t\t\t<\/div>\n\t\t\t<\/div>\n\t\t<\/div>\n\t\t\t\t\t\t<\/div>\n\t\t\t<\/div>\n\t\t<\/div>","protected":false},"excerpt":{"rendered":"<p>C\u00edrculo Oportunidades laborales Home Sobre nosotros Oportunidades laborales Estamos comprometidos con el desarrollo profesional de nuestro equipo, ofreciendo un espacio donde tus habilidades y talentos son reconocidos \u00bfC\u00f3mo unirte? Explora nuestras actuales oportunidades laborales y descubre como puedes unirte a nuestro circulo de experiencia. Estas \u00e1reas representan campos de inter\u00e9s paras Circulo en el contexto&#8230;<\/p>","protected":false},"author":1,"featured_media":3606,"parent":3895,"menu_order":0,"comment_status":"closed","ping_status":"closed","template":"r-energy-elementor-page.php","meta":{"footnotes":""},"yoast_head":"<!-- This site is optimized with the Yoast SEO plugin v14.7 - https:\/\/yoast.com\/wordpress\/plugins\/seo\/ -->\n<title>Oportunidades Laborales - C\u00edrculo ingenieria<\/title>\n<meta name=\"description\" content=\"\u00danete a nuestro equipo en C\u00edrculo. Descubre diversas oportunidades laborales. Env\u00eda tu curr\u00edculum hoy mismo.\" \/>\n<meta name=\"robots\" content=\"index, follow\" \/>\n<meta name=\"googlebot\" content=\"index, follow, max-snippet:-1, max-image-preview:large, max-video-preview:-1\" \/>\n<meta name=\"bingbot\" content=\"index, follow, max-snippet:-1, max-image-preview:large, max-video-preview:-1\" \/>\n<link rel=\"canonical\" href=\"https:\/\/circuloingenieria.cl\/en\/talento\/oportunidades-laborales\/\" \/>\n<meta property=\"og:locale\" content=\"en_US\" \/>\n<meta property=\"og:type\" content=\"article\" \/>\n<meta property=\"og:title\" content=\"Oportunidades Laborales - C\u00edrculo ingenieria\" \/>\n<meta property=\"og:description\" content=\"\u00danete a nuestro equipo en C\u00edrculo. Descubre diversas oportunidades laborales. Env\u00eda tu curr\u00edculum hoy mismo.\" \/>\n<meta property=\"og:url\" content=\"https:\/\/circuloingenieria.cl\/en\/talento\/oportunidades-laborales\/\" \/>\n<meta property=\"og:site_name\" content=\"C\u00edrculo\" \/>\n<meta property=\"article:modified_time\" content=\"2024-02-15T03:48:44+00:00\" \/>\n<meta property=\"og:image\" content=\"https:\/\/circuloingenieria.cl\/wp-content\/uploads\/2020\/08\/426867205-huge-1-scaled.jpg\" \/>\n\t<meta property=\"og:image:width\" content=\"2560\" \/>\n\t<meta property=\"og:image:height\" content=\"1707\" \/>\n<meta name=\"twitter:card\" content=\"summary_large_image\" \/>\n<script type=\"application\/ld+json\" class=\"yoast-schema-graph\">{\"@context\":\"https:\/\/schema.org\",\"@graph\":[{\"@type\":\"WebSite\",\"@id\":\"https:\/\/circuloingenieria.cl\/en\/#website\",\"url\":\"https:\/\/circuloingenieria.cl\/en\/\",\"name\":\"C\\u00edrculo\",\"description\":\"Energ\\u00eda e Ingenier\\u00eda\",\"potentialAction\":[{\"@type\":\"SearchAction\",\"target\":\"https:\/\/circuloingenieria.cl\/en\/?s={search_term_string}\",\"query-input\":\"required name=search_term_string\"}],\"inLanguage\":\"en-US\"},{\"@type\":\"ImageObject\",\"@id\":\"https:\/\/circuloingenieria.cl\/talento\/oportunidades-laborales\/#primaryimage\",\"inLanguage\":\"en-US\",\"url\":\"https:\/\/circuloingenieria.cl\/wp-content\/uploads\/2020\/08\/426867205-huge-1-scaled.jpg\",\"width\":2560,\"height\":1707},{\"@type\":\"WebPage\",\"@id\":\"https:\/\/circuloingenieria.cl\/talento\/oportunidades-laborales\/#webpage\",\"url\":\"https:\/\/circuloingenieria.cl\/talento\/oportunidades-laborales\/\",\"name\":\"Oportunidades Laborales - C\\u00edrculo ingenieria\",\"isPartOf\":{\"@id\":\"https:\/\/circuloingenieria.cl\/en\/#website\"},\"primaryImageOfPage\":{\"@id\":\"https:\/\/circuloingenieria.cl\/talento\/oportunidades-laborales\/#primaryimage\"},\"datePublished\":\"2024-02-01T23:23:12+00:00\",\"dateModified\":\"2024-02-15T03:48:44+00:00\",\"description\":\"\\u00danete a nuestro equipo en C\\u00edrculo. Descubre diversas oportunidades laborales. Env\\u00eda tu curr\\u00edculum hoy mismo.\",\"inLanguage\":\"en-US\",\"potentialAction\":[{\"@type\":\"ReadAction\",\"target\":[\"https:\/\/circuloingenieria.cl\/talento\/oportunidades-laborales\/\"]}]}]}<\/script>\n<!-- \/ Yoast SEO plugin. -->","_links":{"self":[{"href":"https:\/\/circuloingenieria.cl\/en\/wp-json\/wp\/v2\/pages\/4142"}],"collection":[{"href":"https:\/\/circuloingenieria.cl\/en\/wp-json\/wp\/v2\/pages"}],"about":[{"href":"https:\/\/circuloingenieria.cl\/en\/wp-json\/wp\/v2\/types\/page"}],"author":[{"embeddable":true,"href":"https:\/\/circuloingenieria.cl\/en\/wp-json\/wp\/v2\/users\/1"}],"replies":[{"embeddable":true,"href":"https:\/\/circuloingenieria.cl\/en\/wp-json\/wp\/v2\/comments?post=4142"}],"version-history":[{"count":9,"href":"https:\/\/circuloingenieria.cl\/en\/wp-json\/wp\/v2\/pages\/4142\/revisions"}],"predecessor-version":[{"id":4233,"href":"https:\/\/circuloingenieria.cl\/en\/wp-json\/wp\/v2\/pages\/4142\/revisions\/4233"}],"up":[{"embeddable":true,"href":"https:\/\/circuloingenieria.cl\/en\/wp-json\/wp\/v2\/pages\/3895"}],"wp:featuredmedia":[{"embeddable":true,"href":"https:\/\/circuloingenieria.cl\/en\/wp-json\/wp\/v2\/media\/3606"}],"wp:attachment":[{"href":"https:\/\/circuloingenieria.cl\/en\/wp-json\/wp\/v2\/media?parent=4142"}],"curies":[{"name":"wp","href":"https:\/\/api.w.org\/{rel}","templated":true}]}}